{"id":2256,"date":"2024-11-06T09:54:26","date_gmt":"2024-11-06T14:54:26","guid":{"rendered":"https:\/\/promis.qc.ca\/about-us\/partenaires-financiers\/"},"modified":"2025-03-06T16:51:42","modified_gmt":"2025-03-06T21:51:42","slug":"financial-partners","status":"publish","type":"page","link":"https:\/\/promis.qc.ca\/en\/about-us\/financial-partners\/","title":{"rendered":"Financial partners"},"content":{"rendered":"<div class='htb htb-bootsrap-container bg-color color-bleu-generique'><div class=\"wp-bootstrap-blocks-container container mb-0\">\n\t\n\n<h1 class=\"wp-block-heading\"><strong>Financial partners<\/strong><\/h1>\n\n<\/div>\n<\/div>\n\n<div class='htb htb-bootsrap-container bg-color color-gris'><div class=\"wp-bootstrap-blocks-container container-xl mb-0\">\n\t\n<div class=\"wp-bootstrap-blocks-row row\">\n\t\n\n<div class=\"col-12 col-md-1\">\n\t\t\t\t<\/div>\n\n\n\n<div class=\"col-12 col-md-10\">\n\t\t\t\n\n<h2 class=\"wp-block-heading has-text-align-center has-medium-font-size\">Our generous financial partners<\/h2>\n\n\n\n<div style=\"height:50px\" aria-hidden=\"true\" class=\"wp-block-spacer\"><\/div>\n\n\n\n<p class=\"has-large-font-size\"><strong>We would like to extend our warmest thanks to our financial backers and institutional partners, who enable us to carry out our mission every day.<\/strong><\/p>\n\n\n\n<ul class=\"wp-block-list\">\n<li>Minist\u00e8re de l&#8217;Immigration, de la Francisation et de l&#8217;Int\u00e9gration du Qu\u00e9bec<\/li>\n\n\n\n<li>Services Qu\u00e9bec<\/li>\n\n\n\n<li>Centraide of Greater Montreal<\/li>\n\n\n\n<li>Centre de services scolaires Marguerite-Bourgeoys<\/li>\n\n\n\n<li>Ville de Montr\u00e9al<\/li>\n\n\n\n<li>CIUSSS Centre-Ouest<\/li>\n\n\n\n<li>Congregation of the Sister-Servants of the Holy Heart of Mary<\/li>\n\n\n\n<li>Coll\u00e8ge Jean de Br\u00e9beuf<\/li>\n\n\n\n<li>Investissement Qu\u00e9bec<\/li>\n\n\n\n<li>Fiducie du Chantier de l&#8217;\u00e9conomie sociale<\/li>\n\n\n\n<li>R\u00e9seau de l&#8217;investissement social au Qu\u00e9bec<\/li>\n\n\n\n<li>Montreal Success Network<\/li>\n<\/ul>\n\n\t<\/div>\n\n\n\n<div class=\"col-12 col-md-1\">\n\t\t\t\t<\/div>\n\n<\/div>\n\n<\/div>\n<\/div>","protected":false},"excerpt":{"rendered":"","protected":false},"author":1,"featured_media":0,"parent":2092,"menu_order":0,"comment_status":"closed","ping_status":"closed","template":"","meta":{"_acf_changed":false,"footnotes":""},"class_list":["post-2256","page","type-page","status-publish","hentry"],"acf":[],"yoast_head":"<!-- This site is optimized with the Yoast SEO plugin v24.6 - https:\/\/yoast.com\/wordpress\/plugins\/seo\/ -->\n<title>Financial partners | PROMIS<\/title>\n<meta name=\"description\" content=\"Thank you to the financial partners who help us fulfill our mission to support immigrants in Quebec.\" \/>\n<meta name=\"robots\" content=\"index, follow, max-snippet:-1, max-image-preview:large, max-video-preview:-1\" \/>\n<link rel=\"canonical\" href=\"https:\/\/promis.qc.ca\/en\/about-us\/financial-partners\/\" \/>\n<meta property=\"og:locale\" content=\"en_US\" \/>\n<meta property=\"og:type\" content=\"article\" \/>\n<meta property=\"og:title\" content=\"Financial partners | PROMIS\" \/>\n<meta property=\"og:description\" content=\"Thank you to the financial partners who help us fulfill our mission to support immigrants in Quebec.\" \/>\n<meta property=\"og:url\" content=\"https:\/\/promis.qc.ca\/en\/about-us\/financial-partners\/\" \/>\n<meta property=\"og:site_name\" content=\"PROMIS\" \/>\n<meta property=\"article:publisher\" content=\"https:\/\/www.facebook.com\/promisimmigration\" \/>\n<meta property=\"article:modified_time\" content=\"2025-03-06T21:51:42+00:00\" \/>\n<meta property=\"og:image\" content=\"https:\/\/promis.qc.ca\/wp-content\/uploads\/2024\/12\/sintegrer-pour-rester-lorem-ipsum-dolor-sit-amet-consectetur-adipiscing-elit-quisque-laoreet-scelerisque-porttitor-vestibulum-metus-leo-aliquet-vitae-nisi-non-sodales-sodales-ipsum-sintegr.jpg\" \/>\n\t<meta property=\"og:image:width\" content=\"1600\" \/>\n\t<meta property=\"og:image:height\" content=\"675\" \/>\n\t<meta property=\"og:image:type\" content=\"image\/jpeg\" \/>\n<meta name=\"twitter:card\" content=\"summary_large_image\" \/>\n<meta name=\"twitter:label1\" content=\"Est. reading time\" \/>\n\t<meta name=\"twitter:data1\" content=\"1 minute\" \/>\n<script type=\"application\/ld+json\" class=\"yoast-schema-graph\">{\"@context\":\"https:\/\/schema.org\",\"@graph\":[{\"@type\":\"WebPage\",\"@id\":\"https:\/\/promis.qc.ca\/en\/about-us\/financial-partners\/\",\"url\":\"https:\/\/promis.qc.ca\/en\/about-us\/financial-partners\/\",\"name\":\"Financial partners | PROMIS\",\"isPartOf\":{\"@id\":\"https:\/\/promis.qc.ca\/en\/#website\"},\"datePublished\":\"2024-11-06T14:54:26+00:00\",\"dateModified\":\"2025-03-06T21:51:42+00:00\",\"description\":\"Thank you to the financial partners who help us fulfill our mission to support immigrants in Quebec.\",\"breadcrumb\":{\"@id\":\"https:\/\/promis.qc.ca\/en\/about-us\/financial-partners\/#breadcrumb\"},\"inLanguage\":\"en-US\",\"potentialAction\":[{\"@type\":\"ReadAction\",\"target\":[\"https:\/\/promis.qc.ca\/en\/about-us\/financial-partners\/\"]}]},{\"@type\":\"BreadcrumbList\",\"@id\":\"https:\/\/promis.qc.ca\/en\/about-us\/financial-partners\/#breadcrumb\",\"itemListElement\":[{\"@type\":\"ListItem\",\"position\":1,\"name\":\"Home\",\"item\":\"https:\/\/promis.qc.ca\/en\/\"},{\"@type\":\"ListItem\",\"position\":2,\"name\":\"About us\",\"item\":\"https:\/\/promis.qc.ca\/en\/about-us\/\"},{\"@type\":\"ListItem\",\"position\":3,\"name\":\"Financial partners\"}]},{\"@type\":\"WebSite\",\"@id\":\"https:\/\/promis.qc.ca\/en\/#website\",\"url\":\"https:\/\/promis.qc.ca\/en\/\",\"name\":\"PROMIS\",\"description\":\"Assistance for immigrants and refugees in Montreal\",\"publisher\":{\"@id\":\"https:\/\/promis.qc.ca\/en\/#organization\"},\"potentialAction\":[{\"@type\":\"SearchAction\",\"target\":{\"@type\":\"EntryPoint\",\"urlTemplate\":\"https:\/\/promis.qc.ca\/en\/?s={search_term_string}\"},\"query-input\":{\"@type\":\"PropertyValueSpecification\",\"valueRequired\":true,\"valueName\":\"search_term_string\"}}],\"inLanguage\":\"en-US\"},{\"@type\":\"Organization\",\"@id\":\"https:\/\/promis.qc.ca\/en\/#organization\",\"name\":\"Promis\",\"url\":\"https:\/\/promis.qc.ca\/en\/\",\"logo\":{\"@type\":\"ImageObject\",\"inLanguage\":\"en-US\",\"@id\":\"https:\/\/promis.qc.ca\/en\/#\/schema\/logo\/image\/\",\"url\":\"https:\/\/promis.qc.ca\/wp-content\/uploads\/2024\/12\/anim-accueil-v2-3.svg\",\"contentUrl\":\"https:\/\/promis.qc.ca\/wp-content\/uploads\/2024\/12\/anim-accueil-v2-3.svg\",\"width\":1,\"height\":1,\"caption\":\"Promis\"},\"image\":{\"@id\":\"https:\/\/promis.qc.ca\/en\/#\/schema\/logo\/image\/\"},\"sameAs\":[\"https:\/\/www.facebook.com\/promisimmigration\"]}]}<\/script>\n<!-- \/ Yoast SEO plugin. -->","yoast_head_json":{"title":"Financial partners | PROMIS","description":"Thank you to the financial partners who help us fulfill our mission to support immigrants in Quebec.","robots":{"index":"index","follow":"follow","max-snippet":"max-snippet:-1","max-image-preview":"max-image-preview:large","max-video-preview":"max-video-preview:-1"},"canonical":"https:\/\/promis.qc.ca\/en\/about-us\/financial-partners\/","og_locale":"en_US","og_type":"article","og_title":"Financial partners | PROMIS","og_description":"Thank you to the financial partners who help us fulfill our mission to support immigrants in Quebec.","og_url":"https:\/\/promis.qc.ca\/en\/about-us\/financial-partners\/","og_site_name":"PROMIS","article_publisher":"https:\/\/www.facebook.com\/promisimmigration","article_modified_time":"2025-03-06T21:51:42+00:00","og_image":[{"width":1600,"height":675,"url":"https:\/\/promis.qc.ca\/wp-content\/uploads\/2024\/12\/sintegrer-pour-rester-lorem-ipsum-dolor-sit-amet-consectetur-adipiscing-elit-quisque-laoreet-scelerisque-porttitor-vestibulum-metus-leo-aliquet-vitae-nisi-non-sodales-sodales-ipsum-sintegr.jpg","type":"image\/jpeg"}],"twitter_card":"summary_large_image","twitter_misc":{"Est. reading time":"1 minute"},"schema":{"@context":"https:\/\/schema.org","@graph":[{"@type":"WebPage","@id":"https:\/\/promis.qc.ca\/en\/about-us\/financial-partners\/","url":"https:\/\/promis.qc.ca\/en\/about-us\/financial-partners\/","name":"Financial partners | PROMIS","isPartOf":{"@id":"https:\/\/promis.qc.ca\/en\/#website"},"datePublished":"2024-11-06T14:54:26+00:00","dateModified":"2025-03-06T21:51:42+00:00","description":"Thank you to the financial partners who help us fulfill our mission to support immigrants in Quebec.","breadcrumb":{"@id":"https:\/\/promis.qc.ca\/en\/about-us\/financial-partners\/#breadcrumb"},"inLanguage":"en-US","potentialAction":[{"@type":"ReadAction","target":["https:\/\/promis.qc.ca\/en\/about-us\/financial-partners\/"]}]},{"@type":"BreadcrumbList","@id":"https:\/\/promis.qc.ca\/en\/about-us\/financial-partners\/#breadcrumb","itemListElement":[{"@type":"ListItem","position":1,"name":"Home","item":"https:\/\/promis.qc.ca\/en\/"},{"@type":"ListItem","position":2,"name":"About us","item":"https:\/\/promis.qc.ca\/en\/about-us\/"},{"@type":"ListItem","position":3,"name":"Financial partners"}]},{"@type":"WebSite","@id":"https:\/\/promis.qc.ca\/en\/#website","url":"https:\/\/promis.qc.ca\/en\/","name":"PROMIS","description":"Assistance for immigrants and refugees in Montreal","publisher":{"@id":"https:\/\/promis.qc.ca\/en\/#organization"},"potentialAction":[{"@type":"SearchAction","target":{"@type":"EntryPoint","urlTemplate":"https:\/\/promis.qc.ca\/en\/?s={search_term_string}"},"query-input":{"@type":"PropertyValueSpecification","valueRequired":true,"valueName":"search_term_string"}}],"inLanguage":"en-US"},{"@type":"Organization","@id":"https:\/\/promis.qc.ca\/en\/#organization","name":"Promis","url":"https:\/\/promis.qc.ca\/en\/","logo":{"@type":"ImageObject","inLanguage":"en-US","@id":"https:\/\/promis.qc.ca\/en\/#\/schema\/logo\/image\/","url":"https:\/\/promis.qc.ca\/wp-content\/uploads\/2024\/12\/anim-accueil-v2-3.svg","contentUrl":"https:\/\/promis.qc.ca\/wp-content\/uploads\/2024\/12\/anim-accueil-v2-3.svg","width":1,"height":1,"caption":"Promis"},"image":{"@id":"https:\/\/promis.qc.ca\/en\/#\/schema\/logo\/image\/"},"sameAs":["https:\/\/www.facebook.com\/promisimmigration"]}]}},"_links":{"self":[{"href":"https:\/\/promis.qc.ca\/en\/wp-json\/wp\/v2\/pages\/2256","targetHints":{"allow":["GET"]}}],"collection":[{"href":"https:\/\/promis.qc.ca\/en\/wp-json\/wp\/v2\/pages"}],"about":[{"href":"https:\/\/promis.qc.ca\/en\/wp-json\/wp\/v2\/types\/page"}],"author":[{"embeddable":true,"href":"https:\/\/promis.qc.ca\/en\/wp-json\/wp\/v2\/users\/1"}],"replies":[{"embeddable":true,"href":"https:\/\/promis.qc.ca\/en\/wp-json\/wp\/v2\/comments?post=2256"}],"version-history":[{"count":1,"href":"https:\/\/promis.qc.ca\/en\/wp-json\/wp\/v2\/pages\/2256\/revisions"}],"predecessor-version":[{"id":2258,"href":"https:\/\/promis.qc.ca\/en\/wp-json\/wp\/v2\/pages\/2256\/revisions\/2258"}],"up":[{"embeddable":true,"href":"https:\/\/promis.qc.ca\/en\/wp-json\/wp\/v2\/pages\/2092"}],"wp:attachment":[{"href":"https:\/\/promis.qc.ca\/en\/wp-json\/wp\/v2\/media?parent=2256"}],"curies":[{"name":"wp","href":"https:\/\/api.w.org\/{rel}","templated":true}]}}